{"id":10,"date":"2014-11-18T15:11:17","date_gmt":"2014-11-18T14:11:17","guid":{"rendered":"http:\/\/christosclairis.fr\/?page_id=10"},"modified":"2025-02-12T14:33:54","modified_gmt":"2025-02-12T13:33:54","slug":"activitesactualites","status":"publish","type":"page","link":"http:\/\/christosclairis.fr\/fr_FR\/activitesactualites\/","title":{"rendered":"Activit\u00e9s\/Actualit\u00e9s"},"content":{"rendered":"\n<p class=\"has-text-align-center has-text-color has-large-font-size\" style=\"color:#d14b19\"><strong>SOIREE QAWASQAR<\/strong><\/p>\n\n\n<div class=\"wp-block-image\">\n<figure class=\"aligncenter size-full is-resized\"><a href=\"http:\/\/christosclairis.fr\/wp-content\/uploads\/2025\/02\/logo-musee.jpg\"><img loading=\"lazy\" src=\"http:\/\/christosclairis.fr\/wp-content\/uploads\/2025\/02\/logo-musee.jpg\" alt=\"\" class=\"wp-image-1315\" width=\"250\" height=\"88\"\/><\/a><\/figure><\/div>\n\n\n<p class=\"has-text-align-left\">Au <strong><a rel=\"noreferrer noopener\" href=\"https:\/\/www.mundolingua.org\/\" target=\"_blank\">mus\u00e9e Mundolingua<\/a><\/strong> le&nbsp;<strong>jeudi 20&nbsp;f\u00e9vrier&nbsp;\u00e0 19h30<\/strong> avec le professeur Christos CLAIRIS<br \/>10 rue Servandoni,&nbsp;75006 Paris.<\/p>\n\n\n\n<p><strong>Le nombre de places \u00e9tant limit\u00e9, <\/strong>n&#8217;h\u00e9sitez pas \u00e0 r\u00e9server :<br \/>soit par t\u00e9l\u00e9phone au :&nbsp;01 56 81 65 79<br \/>soit par mail :&nbsp;<a href=\"mailto:contact@mundolingua.org\">contact@mundolingua.org<\/a><br \/>Tarif<strong> : <\/strong>7&nbsp;\u20ac\/personne (entr\u00e9e + ap\u00e9ro)<\/p>\n\n\n\n<p class=\"has-text-align-center has-medium-font-size\" style=\"font-style:normal;font-weight:300\"><strong><span style=\"color: #1982d1;\" class=\"ugb-highlight\"><a href=\"http:\/\/christosclairis.fr\/fr_FR\/soiree-qawasqar\/\" target=\"_blank\" rel=\"noreferrer noopener\">En savoir plus<\/a><\/span><\/strong><\/p>\n\n\n<div class=\"wp-block-image is-style-default\">\n<figure class=\"aligncenter size-full is-resized\"><a href=\"http:\/\/christosclairis.fr\/wp-content\/uploads\/2025\/02\/PuertoEden.jpg\"><img loading=\"lazy\" src=\"http:\/\/christosclairis.fr\/wp-content\/uploads\/2025\/02\/PuertoEden.jpg\" alt=\"\" class=\"wp-image-1334\" width=\"375\" height=\"272\" srcset=\"http:\/\/christosclairis.fr\/wp-content\/uploads\/2025\/02\/PuertoEden.jpg 500w, http:\/\/christosclairis.fr\/wp-content\/uploads\/2025\/02\/PuertoEden-300x218.jpg 300w, http:\/\/christosclairis.fr\/wp-content\/uploads\/2025\/02\/PuertoEden-413x300.jpg 413w\" sizes=\"(max-width: 375px) 100vw, 375px\" \/><\/a><\/figure><\/div>\n\n\n<p><\/p>\n\n\n\n<p><\/p>\n\n\n\n<p><\/p>\n\n\n\n<p><\/p>\n\n\n\n<p class=\"has-text-color\" style=\"color:#d03939\"><\/p>\n\n\n\n<p><\/p>\n\n\n\n<p><\/p>\n\n\n\n<p><\/p>\n\n\n\n<p><\/p>\n\n\n\n<h1 class=\"has-text-align-center has-medium-font-size has-text-color has-large-font-size\" style=\"color:#191bd1;text-transform:uppercase\">SILF 2025<br \/><\/h1>\n\n\n<div class=\"wp-block-image\">\n<figure class=\"aligncenter\"><a href=\"http:\/\/christosclairis.fr\/wp-content\/uploads\/2025\/01\/Zhejiang.png\"><img loading=\"lazy\" width=\"300\" height=\"103\" src=\"http:\/\/christosclairis.fr\/wp-content\/uploads\/2025\/01\/Zhejiang-300x103.png\" alt=\"\" class=\"wp-image-1304\" srcset=\"http:\/\/christosclairis.fr\/wp-content\/uploads\/2025\/01\/Zhejiang-300x103.png 300w, http:\/\/christosclairis.fr\/wp-content\/uploads\/2025\/01\/Zhejiang-500x172.png 500w, http:\/\/christosclairis.fr\/wp-content\/uploads\/2025\/01\/Zhejiang.png 610w\" sizes=\"(max-width: 300px) 100vw, 300px\" \/><\/a><\/figure><\/div>\n\n\n<p class=\"has-text-align-center\">En attente de la confirmation par les services administratifs,<br \/>nous esp\u00e9rons que le prochain colloque de la SILF sera bien organis\u00e9 par<br \/>le<strong>&nbsp;<\/strong><strong>Centre de recherche en \u00e9tudes fran\u00e7aises et francophones<\/strong><strong>&nbsp;<\/strong><strong><br \/>et l&#8217;Acad\u00e9mie chinoise de traduction et de traductologie<br \/>de l\u2019Universit\u00e9 du Zhejiang \u00e0 Hangzhou<br \/>du 18 au 21 octobre 2025.&nbsp;<\/strong><\/p>\n\n\n\n<p><strong><br \/>Les trois th\u00e8mes pr\u00e9vus porteraient sur la traduction et traductologie,<br \/>les politiques linguistiques, la description de langue ou de leurs vari\u00e9t\u00e9s.<br \/><\/strong><\/p>\n","protected":false},"excerpt":{"rendered":"<p><!-- wp:paragraph {\"align\":\"center\",\"style\":{\"color\":{\"text\":\"#d14b19\"}},\"fontSize\":\"large\"} --><\/p>\n<p class=\"has-text-align-center has-text-color has-large-font-size\" style=\"color:#d14b19\"><strong>SOIREE QAWASQAR<\/strong><\/p>\n<p><!-- \/wp:paragraph --><\/p>\n<p><!...\n<\/p>\n","protected":false},"author":2,"featured_media":0,"parent":0,"menu_order":0,"comment_status":"open","ping_status":"closed","template":"","meta":[],"_links":{"self":[{"href":"http:\/\/christosclairis.fr\/fr_FR\/wp-json\/wp\/v2\/pages\/10"}],"collection":[{"href":"http:\/\/christosclairis.fr\/fr_FR\/wp-json\/wp\/v2\/pages"}],"about":[{"href":"http:\/\/christosclairis.fr\/fr_FR\/wp-json\/wp\/v2\/types\/page"}],"author":[{"embeddable":true,"href":"http:\/\/christosclairis.fr\/fr_FR\/wp-json\/wp\/v2\/users\/2"}],"replies":[{"embeddable":true,"href":"http:\/\/christosclairis.fr\/fr_FR\/wp-json\/wp\/v2\/comments?post=10"}],"version-history":[{"count":37,"href":"http:\/\/christosclairis.fr\/fr_FR\/wp-json\/wp\/v2\/pages\/10\/revisions"}],"predecessor-version":[{"id":1358,"href":"http:\/\/christosclairis.fr\/fr_FR\/wp-json\/wp\/v2\/pages\/10\/revisions\/1358"}],"wp:attachment":[{"href":"http:\/\/christosclairis.fr\/fr_FR\/wp-json\/wp\/v2\/media?parent=10"}],"curies":[{"name":"wp","href":"https:\/\/api.w.org\/{rel}","templated":true}]}}