{"id":1340,"date":"2025-02-12T14:28:25","date_gmt":"2025-02-12T13:28:25","guid":{"rendered":"http:\/\/christosclairis.fr\/?page_id=1340"},"modified":"2025-02-12T14:36:24","modified_gmt":"2025-02-12T13:36:24","slug":"soiree-qawasqar","status":"publish","type":"page","link":"http:\/\/christosclairis.fr\/fr_FR\/soiree-qawasqar\/","title":{"rendered":"Soir\u00e9e Qawasqar"},"content":{"rendered":"<div class=\"wp-block-image\">\n<figure class=\"aligncenter size-full\"><a href=\"http:\/\/christosclairis.fr\/wp-content\/uploads\/2025\/02\/qawasqar_logo250.jpg\"><img loading=\"lazy\" width=\"250\" height=\"88\" src=\"http:\/\/christosclairis.fr\/wp-content\/uploads\/2025\/02\/qawasqar_logo250.jpg\" alt=\"\" class=\"wp-image-1343\"\/><\/a><\/figure><\/div>\n\n\n<h2 class=\"has-text-color has-large-font-size\" style=\"color:#bd622a\">Soir\u00e9e qawasqar<\/h2>\n\n\n\n<h2 class=\"has-text-color has-medium-font-size\" style=\"color:#bc8818\">avec le professeur Christos CLAIRIS<\/h2>\n\n\n\n<p>Le qawasqar (kaw\u00e9sqar) est une langue parl\u00e9e dans les canaux magellaniques au sud du Chili, en Patagonie occidentale, dans la localit\u00e9 de Puerto Ed\u00e9n o\u00f9 sont install\u00e9s les derniers locuteurs. Il s\u2019agit d\u2019une langue en voie d&#8217;extinction.<br \/><br \/>Dans les ann\u00e9es 70, Christos Clairis, organise la premi\u00e8re exp\u00e9dition linguistique au Puerto Ed\u00e9n. Pendant sa troisi\u00e8me exp\u00e9dition linguistique, en janvier-f\u00e9vrier 1973, l&#8217;\u00e9quipe de Jacques Yves Cousteau sur la Calypso, se joint \u00e0 l\u2019\u00e9quipe de Christos Clairis pour \u00e9tudier le mode de vie et la culture de ce peuple.<br \/><br \/>En 1982, Christos Clairis soutient sa th\u00e8se de doctorat d\u2019\u00e9tat intitul\u00e9e &#8220;Linguistique fu\u00e9gienne. Le qawasqar&#8221; sous la direction d&#8217;Andr\u00e9 Martinet. Il nous racontera ses&nbsp;exp\u00e9riences de recherche au Chili durant cette \u00e9poque et nous&nbsp;le verrons en action dans le film de Cousteau, intitul\u00e9 \u00ab&nbsp;La vie au bout du monde&nbsp;\u00bb.<\/p>\n\n\n<div class=\"wp-block-image\">\n<figure class=\"aligncenter size-full\"><a href=\"http:\/\/christosclairis.fr\/wp-content\/uploads\/2025\/02\/qawasqar_photo1.jpg\"><img loading=\"lazy\" width=\"900\" height=\"665\" src=\"http:\/\/christosclairis.fr\/wp-content\/uploads\/2025\/02\/qawasqar_photo1.jpg\" alt=\"\" class=\"wp-image-1344\" srcset=\"http:\/\/christosclairis.fr\/wp-content\/uploads\/2025\/02\/qawasqar_photo1.jpg 900w, http:\/\/christosclairis.fr\/wp-content\/uploads\/2025\/02\/qawasqar_photo1-300x222.jpg 300w, http:\/\/christosclairis.fr\/wp-content\/uploads\/2025\/02\/qawasqar_photo1-768x567.jpg 768w, http:\/\/christosclairis.fr\/wp-content\/uploads\/2025\/02\/qawasqar_photo1-406x300.jpg 406w\" sizes=\"(max-width: 900px) 100vw, 900px\" \/><\/a><\/figure><\/div>\n\n\n<p><a rel=\"noreferrer noopener\" href=\"http:\/\/christosclairis.fr\/fr_FR\/\" target=\"_blank\">Christos CLAIRIS<\/a>, professeur \u00e9m\u00e9rite de linguistique g\u00e9n\u00e9rale \u00e0 la Sorbonne, Universit\u00e9 Paris Descartes et vice-pr\u00e9sident de la Soci\u00e9t\u00e9 Internationale de Linguistique Fonctionnelle (SILF), est n\u00e9 \u00e0 Istanbul en 1941.<\/p>\n\n\n\n<p>En 1960, il ach\u00e8ve ses \u00e9tudes secondaires dans sa ville natale et en 1965 obtient le dipl\u00f4me (ma\u00eetrise) de philologie \u00e0 l&#8217;Universit\u00e9 d&#8217;Ath\u00e8nes.<br \/><br \/>De 1967 \u00e0 1969, il suit des \u00e9tudes de linguistique \u00e0 Paris o\u00f9 il obtient le Dipl\u00f4me d&#8217;\u00c9tudes Approfondies sous la direction de Bernard Pottier et il s&#8217;inscrit en th\u00e8se de doctorat sous la direction d&#8217;Andr\u00e9 Martinet.<\/p>\n\n\n<div class=\"wp-block-image\">\n<figure class=\"aligncenter size-full\"><a href=\"http:\/\/christosclairis.fr\/wp-content\/uploads\/2025\/02\/qawasqar_photo2.jpg\"><img loading=\"lazy\" width=\"392\" height=\"581\" src=\"http:\/\/christosclairis.fr\/wp-content\/uploads\/2025\/02\/qawasqar_photo2.jpg\" alt=\"\" class=\"wp-image-1345\" srcset=\"http:\/\/christosclairis.fr\/wp-content\/uploads\/2025\/02\/qawasqar_photo2.jpg 392w, http:\/\/christosclairis.fr\/wp-content\/uploads\/2025\/02\/qawasqar_photo2-202x300.jpg 202w\" sizes=\"(max-width: 392px) 100vw, 392px\" \/><\/a><figcaption>Christos Clairis \u00e0 bord de la Calypso en 1971<\/figcaption><\/figure><\/div>\n\n\n<p><\/p>\n\n\n\n<p>De 1969 au 1976, il vit au Chili o\u00f9 il exerce comme professeur dans plusieurs universit\u00e9s. Il y enseigne le grec ancien, la linguistique g\u00e9n\u00e9rale, le grec moderne et l&#8217;ethnolinguistique.<\/p>\n\n\n\n<p>Ses recherches sur les langues de la Patagonie et de la Terre de Feu le conduisent \u00e0 fonder en 1972, au sein de l&#8217;Universit\u00e9 Catholique de Valpara\u00edso, el Centro de Investigaci\u00f3n de Lenguas Ind\u00edgenas (CILI) qu&#8217;il dirigera jusqu&#8217;\u00e0 sa fermeture&nbsp;par les autorit\u00e9s militaires.<\/p>\n\n\n\n<p><\/p>\n\n\n\n<p><\/p>\n\n\n\n<figure class=\"wp-block-image size-full\"><a href=\"http:\/\/christosclairis.fr\/wp-content\/uploads\/2025\/02\/qawasqar_photo3.jpg\"><img loading=\"lazy\" width=\"600\" height=\"420\" src=\"http:\/\/christosclairis.fr\/wp-content\/uploads\/2025\/02\/qawasqar_photo3.jpg\" alt=\"\" class=\"wp-image-1346\" srcset=\"http:\/\/christosclairis.fr\/wp-content\/uploads\/2025\/02\/qawasqar_photo3.jpg 600w, http:\/\/christosclairis.fr\/wp-content\/uploads\/2025\/02\/qawasqar_photo3-300x210.jpg 300w, http:\/\/christosclairis.fr\/wp-content\/uploads\/2025\/02\/qawasqar_photo3-429x300.jpg 429w\" sizes=\"(max-width: 600px) 100vw, 600px\" \/><\/a><\/figure>\n\n\n\n<p><\/p>\n\n\n\n<p><\/p>\n\n\n\n<p class=\"has-text-align-center has-blue-color has-text-color\"><strong>Venez nombreuses et nombreux partager ce moment ensemble !<\/strong><\/p>\n","protected":false},"excerpt":{"rendered":"<p><!-- wp:image {\"align\":\"center\",\"id\":1343,\"sizeSlug\":\"full\",\"linkDestination\":\"media\"} --><\/p>\n<figure class=\"wp-block-image aligncenter size-full\"><a href=\"http:\/\/christosclairis.fr\/wp-content\/uploads\/2025\/02\/qawasqar_logo250.jpg\"><img src=\"http:\/\/chris...\n<\/p>\n","protected":false},"author":2,"featured_media":0,"parent":0,"menu_order":0,"comment_status":"closed","ping_status":"closed","template":"","meta":[],"_links":{"self":[{"href":"http:\/\/christosclairis.fr\/fr_FR\/wp-json\/wp\/v2\/pages\/1340"}],"collection":[{"href":"http:\/\/christosclairis.fr\/fr_FR\/wp-json\/wp\/v2\/pages"}],"about":[{"href":"http:\/\/christosclairis.fr\/fr_FR\/wp-json\/wp\/v2\/types\/page"}],"author":[{"embeddable":true,"href":"http:\/\/christosclairis.fr\/fr_FR\/wp-json\/wp\/v2\/users\/2"}],"replies":[{"embeddable":true,"href":"http:\/\/christosclairis.fr\/fr_FR\/wp-json\/wp\/v2\/comments?post=1340"}],"version-history":[{"count":6,"href":"http:\/\/christosclairis.fr\/fr_FR\/wp-json\/wp\/v2\/pages\/1340\/revisions"}],"predecessor-version":[{"id":1361,"href":"http:\/\/christosclairis.fr\/fr_FR\/wp-json\/wp\/v2\/pages\/1340\/revisions\/1361"}],"wp:attachment":[{"href":"http:\/\/christosclairis.fr\/fr_FR\/wp-json\/wp\/v2\/media?parent=1340"}],"curies":[{"name":"wp","href":"https:\/\/api.w.org\/{rel}","templated":true}]}}